{"id":217284,"date":"2020-04-10T21:51:38","date_gmt":"2020-04-10T19:51:38","guid":{"rendered":"https:\/\/web.pleisch.org\/go\/dienstleistungen\/produkte\/"},"modified":"2024-03-11T18:08:59","modified_gmt":"2024-03-11T16:08:59","slug":"produkte","status":"publish","type":"page","link":"https:\/\/pleisch.com\/de\/dienstleistungen\/produkte\/","title":{"rendered":"Produkte"},"content":{"rendered":"<p>[et_pb_section fb_built=&#8220;1&#8243; custom_padding_last_edited=&#8220;on|tablet&#8220; admin_label=&#8220;Hero Section&#8220; module_class=&#8220;pbgoverlay dtb-mobile-parallax pa-parallax-background-image-position&#8220; _builder_version=&#8220;4.16&#8243; background_image=&#8220;http:\/\/pleisch.com\/wp-content\/uploads\/2019\/09\/Blue21113201.jpg&#8220; parallax=&#8220;on&#8220; custom_padding=&#8220;100px|0px|100px|0px&#8220; custom_padding_tablet=&#8220;|||&#8220; custom_padding_phone=&#8220;|||&#8220; global_colors_info=&#8220;{}&#8220;][et_pb_row _builder_version=&#8220;4.16&#8243; custom_padding=&#8220;|||&#8220; animation_style=&#8220;slide&#8220; animation_direction=&#8220;bottom&#8220; animation_intensity_slide=&#8220;10%&#8220; global_colors_info=&#8220;{}&#8220;][et_pb_column type=&#8220;4_4&#8243; _builder_version=&#8220;4.16&#8243; custom_padding=&#8220;|||&#8220; global_colors_info=&#8220;{}&#8220; custom_padding__hover=&#8220;|||&#8220;][et_pb_text admin_label=&#8220;Title and subhead&#8220; _builder_version=&#8220;4.24.0&#8243; text_font=&#8220;Ubuntu||||||||&#8220; text_font_size=&#8220;16px&#8220; text_line_height=&#8220;1.8em&#8220; header_font=&#8220;Montserrat|700|||||||&#8220; header_font_size=&#8220;50px&#8220; header_line_height=&#8220;1.4em&#8220; header_2_font=&#8220;||||||||&#8220; text_orientation=&#8220;center&#8220; background_layout=&#8220;dark&#8220; max_width=&#8220;600px&#8220; module_alignment=&#8220;center&#8220; custom_padding=&#8220;||0px|||&#8220; header_font_size_tablet=&#8220;&#8220; header_font_size_phone=&#8220;36px&#8220; header_font_size_last_edited=&#8220;on|phone&#8220; locked=&#8220;off&#8220; global_colors_info=&#8220;{}&#8220;]<\/p>\n<h1>Produkte<\/h1>\n<p><span>Mit unseren Produkten erf\u00fcllen wir alle Anforderungen an eine moderne Luftaufbereitung, sowohl f\u00fcr den zivilen als auch f\u00fcr den industriellen Bedarf.<\/span><\/p>\n<p>[\/et_pb_text][\/et_pb_column][\/et_pb_row][\/et_pb_section][et_pb_section fb_built=&#8220;1&#8243; admin_label=&#8220;Filters&#8220; _builder_version=&#8220;4.16&#8243; background_color=&#8220;#2a3443&#8243; custom_padding=&#8220;100px|0px|100px|0px&#8220; global_colors_info=&#8220;{}&#8220;][et_pb_row admin_label=&#8220;Reihe&#8220; _builder_version=&#8220;4.16&#8243; custom_padding=&#8220;0px||0px||false|false&#8220; global_colors_info=&#8220;{}&#8220;][et_pb_column type=&#8220;4_4&#8243; _builder_version=&#8220;4.16&#8243; custom_padding=&#8220;|||&#8220; global_colors_info=&#8220;{}&#8220; custom_padding__hover=&#8220;|||&#8220;][et_pb_text admin_label=&#8220;Title and subhead&#8220; _builder_version=&#8220;4.24.0&#8243; text_font=&#8220;Ubuntu||||||||&#8220; text_text_color=&#8220;rgba(255,255,255,0.7)&#8220; text_font_size=&#8220;16px&#8220; text_line_height=&#8220;1.8em&#8220; header_font=&#8220;||||||||&#8220; header_2_font=&#8220;Montserrat|700|||||||&#8220; header_2_text_color=&#8220;#ffffff&#8220; header_2_font_size=&#8220;40px&#8220; header_2_line_height=&#8220;1.4em&#8220; text_orientation=&#8220;center&#8220; background_layout=&#8220;dark&#8220; module_alignment=&#8220;center&#8220; custom_margin=&#8220;||30px|||&#8220; custom_padding=&#8220;||||false|false&#8220; header_2_font_size_tablet=&#8220;40px&#8220; header_2_font_size_phone=&#8220;36px&#8220; header_2_font_size_last_edited=&#8220;on|phone&#8220; global_colors_info=&#8220;{}&#8220;]<\/p>\n<h2 style=\"text-align: center;\">Flexible Gestaltung von Filtern<\/h2>\n<p style=\"text-align: center;\">Unsere Produkte sind in verschiedenen K\u00f6rnungsbereichen erh\u00e4ltlich und eignen sich f\u00fcr eine Vielzahl von Anwendungen.<\/p>\n<p style=\"text-align: center;\">Das gibt unseren Kunden die gr\u00f6\u00dftm\u00f6gliche Flexibilit\u00e4t bei der Gestaltung ihrer Filter.<\/p>\n<p style=\"text-align: center;\"><strong>Standardqualit\u00e4ten unserer Produkte in US-Mesh:<\/strong><br \/>6\u00d714 \/ 7\u00d716 \/ 8\u00d718 \/ 8\u00d720 \/ 12\u00d720 \/ 12\u00d730 \/ 14\u00d730 \/ 18\u00d740<\/p>\n<p style=\"text-align: center;\"><strong>Nicht-Standardqualit\u00e4ten unserer Produkte in US-Mesh:<\/strong><br \/><span>20\u00d750 \/ 30\u00d770<\/span><\/p>\n<p style=\"text-align: center;\"><span><\/span><\/p>\n<p style=\"text-align: center;\"><span><\/span><\/p>\n<p style=\"text-align: center;\">\n<table id=\"tablepress-1\" class=\"tablepress tablepress-id-1\">\n<thead>\n<tr class=\"row-1\">\n\t<th class=\"column-1\">US mesh<\/th><th class=\"column-2\">4<\/th><th class=\"column-3\">6<\/th><th class=\"column-4\">8<\/th><th class=\"column-5\">12<\/th><th class=\"column-6\">16<\/th><th class=\"column-7\">20<\/th><th class=\"column-8\">30<\/th><th class=\"column-9\">40<\/th><th class=\"column-10\">50<\/th><th class=\"column-11\">60<\/th><th class=\"column-12\">80<\/th>\n<\/tr>\n<\/thead>\n<tbody class=\"row-striping row-hover\">\n<tr class=\"row-2\">\n\t<td class=\"column-1\">mm<\/td><td class=\"column-2\">4.75<\/td><td class=\"column-3\">3.35<\/td><td class=\"column-4\">2.36<\/td><td class=\"column-5\">1.70<\/td><td class=\"column-6\">1.18<\/td><td class=\"column-7\">0.85<\/td><td class=\"column-8\">0.60<\/td><td class=\"column-9\">0.425<\/td><td class=\"column-10\">0.30<\/td><td class=\"column-11\">0.25<\/td><td class=\"column-12\">0.18<\/td>\n<\/tr>\n<\/tbody>\n<\/table>\n<!-- #tablepress-1 from cache --><\/p>\n<p>[\/et_pb_text][et_pb_blurb use_icon=&#8220;on&#8220; font_icon=&#8220;&#x50;||divi||400&#8243; icon_color=&#8220;#ffffff&#8220; image_icon_width=&#8220;60px&#8220; module_class=&#8220;dl-blurb&#8220; _builder_version=&#8220;4.17.3&#8243; background_enable_color=&#8220;off&#8220; width=&#8220;15%&#8220; module_alignment=&#8220;center&#8220; min_height=&#8220;50px&#8220; height=&#8220;50px&#8220; custom_margin=&#8220;||||false|false&#8220; custom_padding=&#8220;0px||0px||false|false&#8220; link_option_url=&#8220;\/activated-carbon&#8220; icon_font_size=&#8220;60px&#8220; icon_font_size__hover_enabled=&#8220;off|hover&#8220; circle_color__hover=&#8220;#2ea3f2&#8243; circle_color__hover_enabled=&#8220;off|desktop&#8220; global_colors_info=&#8220;{}&#8220; image_icon_width__hover_enabled=&#8220;off|hover&#8220; image_icon_background_color__hover_enabled=&#8220;off|desktop&#8220;][\/et_pb_blurb][et_pb_blurb use_icon=&#8220;on&#8220; icon_color=&#8220;#ffffff&#8220; image_icon_width=&#8220;60px&#8220; module_class=&#8220;dl-blurb&#8220; _builder_version=&#8220;4.16&#8243; background_enable_color=&#8220;off&#8220; width=&#8220;15%&#8220; module_alignment=&#8220;center&#8220; min_height=&#8220;50px&#8220; height=&#8220;50px&#8220; custom_margin=&#8220;||||false|false&#8220; custom_padding=&#8220;0px||0px||false|false&#8220; link_option_url=&#8220;\/activated-carbon&#8220; icon_font_size=&#8220;60px&#8220; icon_font_size__hover_enabled=&#8220;off|hover&#8220; circle_color__hover=&#8220;#2ea3f2&#8243; circle_color__hover_enabled=&#8220;off|desktop&#8220; global_colors_info=&#8220;{}&#8220; image_icon_width__hover_enabled=&#8220;off|hover&#8220; image_icon_background_color__hover_enabled=&#8220;off|desktop&#8220;][\/et_pb_blurb][\/et_pb_column][\/et_pb_row][\/et_pb_section][et_pb_section fb_built=&#8220;1&#8243; custom_padding_last_edited=&#8220;on|tablet&#8220; admin_label=&#8220;Contact&#8220; module_class=&#8220;pbgoverlay2 dtb-mobile-parallax&#8220; _builder_version=&#8220;4.21.2&#8243; background_image=&#8220;http:\/\/pleisch.com\/wp-content\/uploads\/2020\/04\/Hello09195445.jpg&#8220; parallax=&#8220;on&#8220; custom_padding=&#8220;18%||18%|&#8220; custom_padding_tablet=&#8220;18%||18%|&#8220; custom_padding_phone=&#8220;100px||100px||false|false&#8220; global_colors_info=&#8220;{}&#8220;][et_pb_row admin_label=&#8220;Reihe&#8220; _builder_version=&#8220;4.16&#8243; custom_padding=&#8220;0px||0px||false|false&#8220; animation_style=&#8220;slide&#8220; animation_direction=&#8220;bottom&#8220; animation_intensity_slide=&#8220;10%&#8220; global_colors_info=&#8220;{}&#8220;][et_pb_column type=&#8220;4_4&#8243; _builder_version=&#8220;4.16&#8243; custom_padding=&#8220;|||&#8220; global_colors_info=&#8220;{}&#8220; custom_padding__hover=&#8220;|||&#8220;][et_pb_text admin_label=&#8220;Title and subhead&#8220; _builder_version=&#8220;4.24.0&#8243; text_font=&#8220;Ubuntu||||||||&#8220; text_text_color=&#8220;rgba(255,255,255,0.7)&#8220; text_font_size=&#8220;16px&#8220; text_line_height=&#8220;1.8em&#8220; header_font=&#8220;||||||||&#8220; header_2_font=&#8220;Montserrat|700|||||||&#8220; header_2_text_color=&#8220;#ffffff&#8220; header_2_font_size=&#8220;40px&#8220; header_2_line_height=&#8220;1.4em&#8220; text_orientation=&#8220;center&#8220; background_layout=&#8220;dark&#8220; max_width=&#8220;600px&#8220; module_alignment=&#8220;center&#8220; header_2_font_size_tablet=&#8220;40px&#8220; header_2_font_size_phone=&#8220;36px&#8220; header_2_font_size_last_edited=&#8220;on|phone&#8220; locked=&#8220;off&#8220; global_colors_info=&#8220;{}&#8220;]<\/p>\n<h2>Kontakt<\/h2>\n<p><span>Wir w\u00fcrden uns freuen, Sie bei spezifischen Herausforderungen unterst\u00fctzen zu k\u00f6nnen.<\/span><\/p>\n<p>[\/et_pb_text][et_pb_button button_url=&#8220;https:\/\/pleisch.com\/de\/kontakt\/&#8220; button_text=&#8220;Kontaktdetails&#8220; button_alignment=&#8220;center&#8220; module_class=&#8220;dl-hover-grow&#8220; _builder_version=&#8220;4.16&#8243; custom_button=&#8220;on&#8220; button_text_size=&#8220;16px&#8220; button_text_color=&#8220;#ffffff&#8220; button_bg_color=&#8220;#0f8fff&#8220; button_bg_use_color_gradient=&#8220;on&#8220; button_bg_color_gradient_direction=&#8220;90deg&#8220; button_bg_color_gradient_stops=&#8220;#2799ce 0%|#4147ba 100%&#8220; button_bg_color_gradient_overlays_image=&#8220;on&#8220; button_bg_color_gradient_start=&#8220;#2799ce&#8220; button_bg_color_gradient_end=&#8220;#4147ba&#8220; button_border_width=&#8220;0px&#8220; button_border_radius=&#8220;50px&#8220; button_letter_spacing=&#8220;2px&#8220; button_font=&#8220;Ubuntu|||on|||||&#8220; button_use_icon=&#8220;off&#8220; transform_translate_linked__hover=&#8220;off&#8220; custom_padding=&#8220;14px|28px|14px|28px|true|true&#8220; filter_saturate=&#8220;109%&#8220; hover_transition_duration=&#8220;350ms&#8220; hover_transition_speed_curve=&#8220;ease-in-out&#8220; box_shadow_style=&#8220;preset6&#8243; box_shadow_horizontal=&#8220;50px&#8220; box_shadow_blur=&#8220;45px&#8220; box_shadow_spread=&#8220;-20px&#8220; box_shadow_color=&#8220;rgba(32,35,193,0.81)&#8220; locked=&#8220;off&#8220; global_colors_info=&#8220;{}&#8220; box_shadow_spread__hover_enabled=&#8220;on|desktop&#8220; box_shadow_blur__hover_enabled=&#8220;on|hover&#8220; box_shadow_vertical__hover_enabled=&#8220;off|desktop&#8220; box_shadow_horizontal__hover_enabled=&#8220;on|hover&#8220; box_shadow_horizontal__hover=&#8220;-80px&#8220; box_shadow_vertical__hover=&#8220;30px&#8220; box_shadow_color__hover=&#8220;rgba(255,255,255,0.49)&#8220; custom_padding__hover_enabled=&#8220;off|desktop&#8220; custom_padding__hover=&#8220;14px|35px|14px|35px|true|true&#8220; transform_styles__hover_enabled=&#8220;off|desktop&#8220; transform_scale__hover_enabled=&#8220;off|desktop&#8220; transform_translate__hover_enabled=&#8220;off|desktop&#8220; transform_rotate__hover_enabled=&#8220;off|desktop&#8220; transform_skew__hover_enabled=&#8220;off|desktop&#8220; transform_origin__hover_enabled=&#8220;off|desktop&#8220; transform_scale__hover=&#8220;108%|108%&#8220; button_letter_spacing__hover_enabled=&#8220;off|hover&#8220; button_letter_spacing__hover=&#8220;3px&#8220; box_shadow_blur__hover=&#8220;60px&#8220; box_shadow_spread__hover=&#8220;-20px&#8220;][\/et_pb_button][\/et_pb_column][\/et_pb_row][\/et_pb_section]<\/p>\n","protected":false},"excerpt":{"rendered":"<p>Produkte Mit unseren Produkten erf\u00fcllen wir alle Anforderungen an eine moderne Luftaufbereitung, sowohl f\u00fcr den zivilen als auch f\u00fcr den industriellen Bedarf.Flexible Gestaltung von Filtern Unsere Produkte sind in verschiedenen K\u00f6rnungsbereichen erh\u00e4ltlich und eignen sich f\u00fcr eine Vielzahl von Anwendungen. Das gibt unseren Kunden die gr\u00f6\u00dftm\u00f6gliche Flexibilit\u00e4t bei der Gestaltung ihrer Filter. Standardqualit\u00e4ten unserer Produkte [&hellip;]<\/p>\n","protected":false},"author":1,"featured_media":0,"parent":217281,"menu_order":0,"comment_status":"closed","ping_status":"closed","template":"","meta":{"_et_pb_use_builder":"on","_et_pb_old_content":"","_et_gb_content_width":"","footnotes":""},"class_list":["post-217284","page","type-page","status-publish","hentry"],"yoast_head":"<!-- This site is optimized with the Yoast SEO plugin v27.3 - https:\/\/yoast.com\/product\/yoast-seo-wordpress\/ -->\n<title>Produkte - Dr. P. Pleisch AG<\/title>\n<meta name=\"description\" content=\"Mit unseren Produkten erf\u00fcllen wir alle Anforderungen an eine moderne Luftaufbereitung, sowohl f\u00fcr den zivilen als auch f\u00fcr den industriellen Bedarf. Unsere Produkte sind in verschiedenen K\u00f6rnungsbereichen erh\u00e4ltlich und eignen sich f\u00fcr eine Vielzahl von Anwendungen.\" \/>\n<meta name=\"robots\" content=\"index, follow, max-snippet:-1, max-image-preview:large, max-video-preview:-1\" \/>\n<link rel=\"canonical\" href=\"https:\/\/pleisch.com\/de\/dienstleistungen\/produkte\/\" \/>\n<meta property=\"og:locale\" content=\"de_DE\" \/>\n<meta property=\"og:type\" content=\"article\" \/>\n<meta property=\"og:title\" content=\"Produkte - Dr. P. Pleisch AG\" \/>\n<meta property=\"og:description\" content=\"Mit unseren Produkten erf\u00fcllen wir alle Anforderungen an eine moderne Luftaufbereitung, sowohl f\u00fcr den zivilen als auch f\u00fcr den industriellen Bedarf. Unsere Produkte sind in verschiedenen K\u00f6rnungsbereichen erh\u00e4ltlich und eignen sich f\u00fcr eine Vielzahl von Anwendungen.\" \/>\n<meta property=\"og:url\" content=\"https:\/\/pleisch.com\/de\/dienstleistungen\/produkte\/\" \/>\n<meta property=\"og:site_name\" content=\"Dr. P. Pleisch AG\" \/>\n<meta property=\"article:modified_time\" content=\"2024-03-11T16:08:59+00:00\" \/>\n<meta name=\"twitter:card\" content=\"summary_large_image\" \/>\n<meta name=\"twitter:label1\" content=\"Gesch\u00e4tzte Lesezeit\" \/>\n\t<meta name=\"twitter:data1\" content=\"5\u00a0Minuten\" \/>\n<script type=\"application\/ld+json\" class=\"yoast-schema-graph\">{\"@context\":\"https:\\\/\\\/schema.org\",\"@graph\":[{\"@type\":\"WebPage\",\"@id\":\"https:\\\/\\\/pleisch.com\\\/de\\\/dienstleistungen\\\/produkte\\\/\",\"url\":\"https:\\\/\\\/pleisch.com\\\/de\\\/dienstleistungen\\\/produkte\\\/\",\"name\":\"Produkte - Dr. P. Pleisch AG\",\"isPartOf\":{\"@id\":\"https:\\\/\\\/pleisch.com\\\/de\\\/#website\"},\"datePublished\":\"2020-04-10T19:51:38+00:00\",\"dateModified\":\"2024-03-11T16:08:59+00:00\",\"description\":\"Mit unseren Produkten erf\u00fcllen wir alle Anforderungen an eine moderne Luftaufbereitung, sowohl f\u00fcr den zivilen als auch f\u00fcr den industriellen Bedarf. Unsere Produkte sind in verschiedenen K\u00f6rnungsbereichen erh\u00e4ltlich und eignen sich f\u00fcr eine Vielzahl von Anwendungen.\",\"breadcrumb\":{\"@id\":\"https:\\\/\\\/pleisch.com\\\/de\\\/dienstleistungen\\\/produkte\\\/#breadcrumb\"},\"inLanguage\":\"de\",\"potentialAction\":[{\"@type\":\"ReadAction\",\"target\":[\"https:\\\/\\\/pleisch.com\\\/de\\\/dienstleistungen\\\/produkte\\\/\"]}]},{\"@type\":\"BreadcrumbList\",\"@id\":\"https:\\\/\\\/pleisch.com\\\/de\\\/dienstleistungen\\\/produkte\\\/#breadcrumb\",\"itemListElement\":[{\"@type\":\"ListItem\",\"position\":1,\"name\":\"Home\",\"item\":\"https:\\\/\\\/pleisch.com\\\/de\\\/home\\\/\"},{\"@type\":\"ListItem\",\"position\":2,\"name\":\"Dienstleistungen\",\"item\":\"https:\\\/\\\/pleisch.com\\\/de\\\/dienstleistungen\\\/\"},{\"@type\":\"ListItem\",\"position\":3,\"name\":\"Produkte\"}]},{\"@type\":\"WebSite\",\"@id\":\"https:\\\/\\\/pleisch.com\\\/de\\\/#website\",\"url\":\"https:\\\/\\\/pleisch.com\\\/de\\\/\",\"name\":\"Dr. P. Pleisch AG\",\"description\":\"Activated Carbon Specialities\",\"potentialAction\":[{\"@type\":\"SearchAction\",\"target\":{\"@type\":\"EntryPoint\",\"urlTemplate\":\"https:\\\/\\\/pleisch.com\\\/de\\\/?s={search_term_string}\"},\"query-input\":{\"@type\":\"PropertyValueSpecification\",\"valueRequired\":true,\"valueName\":\"search_term_string\"}}],\"inLanguage\":\"de\"}]}<\/script>\n<!-- \/ Yoast SEO plugin. -->","yoast_head_json":{"title":"Produkte - Dr. P. Pleisch AG","description":"Mit unseren Produkten erf\u00fcllen wir alle Anforderungen an eine moderne Luftaufbereitung, sowohl f\u00fcr den zivilen als auch f\u00fcr den industriellen Bedarf. Unsere Produkte sind in verschiedenen K\u00f6rnungsbereichen erh\u00e4ltlich und eignen sich f\u00fcr eine Vielzahl von Anwendungen.","robots":{"index":"index","follow":"follow","max-snippet":"max-snippet:-1","max-image-preview":"max-image-preview:large","max-video-preview":"max-video-preview:-1"},"canonical":"https:\/\/pleisch.com\/de\/dienstleistungen\/produkte\/","og_locale":"de_DE","og_type":"article","og_title":"Produkte - Dr. P. Pleisch AG","og_description":"Mit unseren Produkten erf\u00fcllen wir alle Anforderungen an eine moderne Luftaufbereitung, sowohl f\u00fcr den zivilen als auch f\u00fcr den industriellen Bedarf. Unsere Produkte sind in verschiedenen K\u00f6rnungsbereichen erh\u00e4ltlich und eignen sich f\u00fcr eine Vielzahl von Anwendungen.","og_url":"https:\/\/pleisch.com\/de\/dienstleistungen\/produkte\/","og_site_name":"Dr. P. Pleisch AG","article_modified_time":"2024-03-11T16:08:59+00:00","twitter_card":"summary_large_image","twitter_misc":{"Gesch\u00e4tzte Lesezeit":"5\u00a0Minuten"},"schema":{"@context":"https:\/\/schema.org","@graph":[{"@type":"WebPage","@id":"https:\/\/pleisch.com\/de\/dienstleistungen\/produkte\/","url":"https:\/\/pleisch.com\/de\/dienstleistungen\/produkte\/","name":"Produkte - Dr. P. Pleisch AG","isPartOf":{"@id":"https:\/\/pleisch.com\/de\/#website"},"datePublished":"2020-04-10T19:51:38+00:00","dateModified":"2024-03-11T16:08:59+00:00","description":"Mit unseren Produkten erf\u00fcllen wir alle Anforderungen an eine moderne Luftaufbereitung, sowohl f\u00fcr den zivilen als auch f\u00fcr den industriellen Bedarf. Unsere Produkte sind in verschiedenen K\u00f6rnungsbereichen erh\u00e4ltlich und eignen sich f\u00fcr eine Vielzahl von Anwendungen.","breadcrumb":{"@id":"https:\/\/pleisch.com\/de\/dienstleistungen\/produkte\/#breadcrumb"},"inLanguage":"de","potentialAction":[{"@type":"ReadAction","target":["https:\/\/pleisch.com\/de\/dienstleistungen\/produkte\/"]}]},{"@type":"BreadcrumbList","@id":"https:\/\/pleisch.com\/de\/dienstleistungen\/produkte\/#breadcrumb","itemListElement":[{"@type":"ListItem","position":1,"name":"Home","item":"https:\/\/pleisch.com\/de\/home\/"},{"@type":"ListItem","position":2,"name":"Dienstleistungen","item":"https:\/\/pleisch.com\/de\/dienstleistungen\/"},{"@type":"ListItem","position":3,"name":"Produkte"}]},{"@type":"WebSite","@id":"https:\/\/pleisch.com\/de\/#website","url":"https:\/\/pleisch.com\/de\/","name":"Dr. P. Pleisch AG","description":"Activated Carbon Specialities","potentialAction":[{"@type":"SearchAction","target":{"@type":"EntryPoint","urlTemplate":"https:\/\/pleisch.com\/de\/?s={search_term_string}"},"query-input":{"@type":"PropertyValueSpecification","valueRequired":true,"valueName":"search_term_string"}}],"inLanguage":"de"}]}},"_links":{"self":[{"href":"https:\/\/pleisch.com\/de\/wp-json\/wp\/v2\/pages\/217284","targetHints":{"allow":["GET"]}}],"collection":[{"href":"https:\/\/pleisch.com\/de\/wp-json\/wp\/v2\/pages"}],"about":[{"href":"https:\/\/pleisch.com\/de\/wp-json\/wp\/v2\/types\/page"}],"author":[{"embeddable":true,"href":"https:\/\/pleisch.com\/de\/wp-json\/wp\/v2\/users\/1"}],"replies":[{"embeddable":true,"href":"https:\/\/pleisch.com\/de\/wp-json\/wp\/v2\/comments?post=217284"}],"version-history":[{"count":22,"href":"https:\/\/pleisch.com\/de\/wp-json\/wp\/v2\/pages\/217284\/revisions"}],"predecessor-version":[{"id":218058,"href":"https:\/\/pleisch.com\/de\/wp-json\/wp\/v2\/pages\/217284\/revisions\/218058"}],"up":[{"embeddable":true,"href":"https:\/\/pleisch.com\/de\/wp-json\/wp\/v2\/pages\/217281"}],"wp:attachment":[{"href":"https:\/\/pleisch.com\/de\/wp-json\/wp\/v2\/media?parent=217284"}],"curies":[{"name":"wp","href":"https:\/\/api.w.org\/{rel}","templated":true}]}}