{"id":217287,"date":"2020-04-10T20:27:26","date_gmt":"2020-04-10T18:27:26","guid":{"rendered":"https:\/\/web.pleisch.org\/go\/dienstleistungen\/aktivkohle\/"},"modified":"2024-03-11T18:08:50","modified_gmt":"2024-03-11T16:08:50","slug":"aktivkohle","status":"publish","type":"page","link":"https:\/\/pleisch.com\/de\/dienstleistungen\/aktivkohle\/","title":{"rendered":"Aktivkohle"},"content":{"rendered":"<p>[et_pb_section fb_built=&#8220;1&#8243; custom_padding_last_edited=&#8220;on|tablet&#8220; admin_label=&#8220;Hero Section&#8220; module_class=&#8220;pbgoverlay dtb-mobile-parallax&#8220; _builder_version=&#8220;4.16&#8243; background_color=&#8220;rgba(0,0,0,0.09)&#8220; background_image=&#8220;http:\/\/pleisch.com\/wp-content\/uploads\/2020\/04\/Charcoal-Powder.jpg&#8220; parallax=&#8220;on&#8220; custom_padding=&#8220;100px|0px|100px|0px&#8220; custom_padding_tablet=&#8220;|||&#8220; custom_padding_phone=&#8220;|||&#8220; global_colors_info=&#8220;{}&#8220;][et_pb_row _builder_version=&#8220;4.16&#8243; custom_padding=&#8220;|||&#8220; animation_style=&#8220;slide&#8220; animation_direction=&#8220;bottom&#8220; animation_intensity_slide=&#8220;10%&#8220; global_colors_info=&#8220;{}&#8220;][et_pb_column type=&#8220;4_4&#8243; _builder_version=&#8220;4.16&#8243; custom_padding=&#8220;|||&#8220; global_colors_info=&#8220;{}&#8220; custom_padding__hover=&#8220;|||&#8220;][et_pb_text admin_label=&#8220;Title and subhead&#8220; _builder_version=&#8220;4.24.0&#8243; text_font=&#8220;Ubuntu||||||||&#8220; text_font_size=&#8220;16px&#8220; text_line_height=&#8220;1.8em&#8220; header_font=&#8220;Montserrat|700|||||||&#8220; header_font_size=&#8220;50px&#8220; header_line_height=&#8220;1.4em&#8220; header_2_font=&#8220;||||||||&#8220; text_orientation=&#8220;center&#8220; background_layout=&#8220;dark&#8220; max_width=&#8220;600px&#8220; module_alignment=&#8220;center&#8220; custom_padding=&#8220;||0px||false|false&#8220; header_font_size_tablet=&#8220;&#8220; header_font_size_phone=&#8220;36px&#8220; header_font_size_last_edited=&#8220;on|phone&#8220; locked=&#8220;off&#8220; global_colors_info=&#8220;{}&#8220;]<\/p>\n<h1>Aktivkohle<\/h1>\n<p><span class=\"text\">Aktivkohle ist ein sehr vielseitiges Material zur Reinigung von Luft, Wasser sowie Gasen und Fl\u00fcssigkeiten im Allgemeinen.  <\/span><span class=\"text\">Wie der Name schon sagt, handelt es sich bei Aktivkohle um eine Art von Kohlenstoff, der industriell aktiviert wurde. Sie wird in Pulver- oder Granulatform in Massenproduktion hergestellt.  <\/span><span class=\"text\">Viele nat\u00fcrliche Kohlenstoffe k\u00f6nnen als Rohstoffe verwendet werden, z. B. Kokosnussschalen, Holz, Kohle und Torf.<\/span><\/p>\n<p>[\/et_pb_text][\/et_pb_column][\/et_pb_row][\/et_pb_section][et_pb_section fb_built=&#8220;1&#8243; admin_label=&#8220;Activation&#8220; _builder_version=&#8220;4.16&#8243; background_color=&#8220;#2a3443&#8243; custom_margin=&#8220;||||false|false&#8220; custom_padding=&#8220;100px|0px|100px|0px&#8220; global_colors_info=&#8220;{}&#8220;][et_pb_row admin_label=&#8220;Reihe&#8220; _builder_version=&#8220;4.16&#8243; custom_padding=&#8220;0px||0px||false|false&#8220; global_colors_info=&#8220;{}&#8220;][et_pb_column type=&#8220;4_4&#8243; _builder_version=&#8220;4.16&#8243; custom_padding=&#8220;||||false|false&#8220; global_colors_info=&#8220;{}&#8220; custom_padding__hover=&#8220;|||&#8220;][et_pb_text admin_label=&#8220;Title&#8220; _builder_version=&#8220;4.24.2&#8243; text_font=&#8220;Ubuntu||||||||&#8220; text_font_size=&#8220;16px&#8220; text_line_height=&#8220;1.8em&#8220; header_font=&#8220;||||||||&#8220; header_2_font=&#8220;Montserrat|700|||||||&#8220; header_2_font_size=&#8220;40px&#8220; header_2_line_height=&#8220;1.4em&#8220; text_orientation=&#8220;center&#8220; background_layout=&#8220;dark&#8220; module_alignment=&#8220;center&#8220; custom_margin=&#8220;|||4px||&#8220; hover_enabled=&#8220;0&#8243; header_2_font_size_tablet=&#8220;&#8220; header_2_font_size_phone=&#8220;36px&#8220; header_2_font_size_last_edited=&#8220;on|phone&#8220; global_colors_info=&#8220;{}&#8220; sticky_enabled=&#8220;0&#8243;]<\/p>\n<h2 style=\"text-align: left;\">Aktivierung<\/h2>\n<p style=\"text-align: left;\">Kohle wird aktiviert, indem die Struktur der Kohle mit Dampf oder Chemikalien aufgebrochen wird. Dadurch entstehen viele feine Kan\u00e4le, die sogenannten Poren, in der Kohlenstoffstruktur. Diese Poren sind sehr feink\u00f6rnig, so dass die Schadstoffmolek\u00fcle zun\u00e4chst in sie eindringen und sich dann mit der Oberfl\u00e4che verbinden k\u00f6nnen.<\/p>\n<p><span><\/span><\/p>\n<p style=\"text-align: left;\">Diese reinigenden Poren werden klassifiziert als:<\/p>\n<ul style=\"text-align: left;\">\n<li>Mikroporen bis zu 20 \u00c5 = 0,000&#8217;002 mm<\/li>\n<li>Mesoporen 20 &#8211; 500 \u00c5 = 0,000&#8217;002 mm &#8211; 0,000&#8217;050 mm<\/li>\n<li>Makroporen \u00fcber 500 \u00c5 = 0,000&#8217;050 mm<\/li>\n<\/ul>\n<p>&nbsp;<\/p>\n<p style=\"text-align: left;\"><img loading=\"lazy\" decoding=\"async\" src=\"http:\/\/pleisch.com\/wp-content\/uploads\/2020\/04\/1-300x214.jpeg\" width=\"300\" height=\"214\" alt=\"\" class=\"wp-image-1646 alignnone size-medium\" srcset=\"https:\/\/pleisch.com\/wp-content\/uploads\/2020\/04\/1-300x214.jpeg 300w, https:\/\/pleisch.com\/wp-content\/uploads\/2020\/04\/1-400x284.jpeg 400w, https:\/\/pleisch.com\/wp-content\/uploads\/2020\/04\/1-480x342.jpeg 480w, https:\/\/pleisch.com\/wp-content\/uploads\/2020\/04\/1.jpeg 567w\" sizes=\"(max-width: 300px) 100vw, 300px\" \/> <img loading=\"lazy\" decoding=\"async\" src=\"http:\/\/pleisch.com\/wp-content\/uploads\/2020\/04\/2-300x214.jpeg\" width=\"300\" height=\"214\" alt=\"\" class=\"wp-image-1647 alignnone size-medium\" srcset=\"https:\/\/pleisch.com\/wp-content\/uploads\/2020\/04\/2-300x214.jpeg 300w, https:\/\/pleisch.com\/wp-content\/uploads\/2020\/04\/2-400x284.jpeg 400w, https:\/\/pleisch.com\/wp-content\/uploads\/2020\/04\/2-480x342.jpeg 480w, https:\/\/pleisch.com\/wp-content\/uploads\/2020\/04\/2.jpeg 567w\" sizes=\"(max-width: 300px) 100vw, 300px\" \/> <img loading=\"lazy\" decoding=\"async\" src=\"http:\/\/pleisch.com\/wp-content\/uploads\/2020\/04\/3-300x214.jpeg\" width=\"300\" height=\"214\" alt=\"\" class=\"wp-image-1648 alignnone size-medium\" srcset=\"https:\/\/pleisch.com\/wp-content\/uploads\/2020\/04\/3-300x214.jpeg 300w, https:\/\/pleisch.com\/wp-content\/uploads\/2020\/04\/3-400x284.jpeg 400w, https:\/\/pleisch.com\/wp-content\/uploads\/2020\/04\/3-480x342.jpeg 480w, https:\/\/pleisch.com\/wp-content\/uploads\/2020\/04\/3.jpeg 567w\" sizes=\"(max-width: 300px) 100vw, 300px\" \/> <img loading=\"lazy\" decoding=\"async\" src=\"http:\/\/pleisch.com\/wp-content\/uploads\/2020\/04\/4-300x214.jpeg\" width=\"300\" height=\"214\" alt=\"\" class=\"wp-image-1649 alignnone size-medium\" srcset=\"https:\/\/pleisch.com\/wp-content\/uploads\/2020\/04\/4-300x214.jpeg 300w, https:\/\/pleisch.com\/wp-content\/uploads\/2020\/04\/4-400x284.jpeg 400w, https:\/\/pleisch.com\/wp-content\/uploads\/2020\/04\/4-480x342.jpeg 480w, https:\/\/pleisch.com\/wp-content\/uploads\/2020\/04\/4.jpeg 567w\" sizes=\"(max-width: 300px) 100vw, 300px\" \/> <img loading=\"lazy\" decoding=\"async\" src=\"http:\/\/pleisch.com\/wp-content\/uploads\/2020\/04\/5-300x214.jpeg\" width=\"300\" height=\"214\" alt=\"\" class=\"wp-image-1650 alignnone size-medium\" srcset=\"https:\/\/pleisch.com\/wp-content\/uploads\/2020\/04\/5-300x214.jpeg 300w, https:\/\/pleisch.com\/wp-content\/uploads\/2020\/04\/5-400x284.jpeg 400w, https:\/\/pleisch.com\/wp-content\/uploads\/2020\/04\/5-480x342.jpeg 480w, https:\/\/pleisch.com\/wp-content\/uploads\/2020\/04\/5.jpeg 567w\" sizes=\"(max-width: 300px) 100vw, 300px\" \/><\/p>\n<p style=\"text-align: left;\">Je nach Aktivierungsgrad haben Aktivkohlen eine aktive innere Oberfl\u00e4che von 750 m\u00b2\/g bis 1&#8217;600 m\u00b2\/g.<\/p>\n<p><span><\/span><\/p>\n<p style=\"text-align: left;\"><strong>Aktivkohle f\u00fcr die Luftaufbereitung<\/strong><\/p>\n<p style=\"text-align: left;\">Die Luft wird zur Reinigung \u00fcber eine Kohlenstoffschicht geleitet. Es gibt verschiedene Arten von Filtern; die Partikelgr\u00f6ssen k\u00f6nnen von sehr fein bis sehr grob reichen. Bei der Beschreibung von Aktivkohlen werden die Partikelgr\u00f6ssen im Allgemeinen in US-Mesh angegeben.<\/p>\n<table class=\"responsive\"><\/table>\n<p style=\"text-align: left;\">\n<table id=\"tablepress-1\" class=\"tablepress tablepress-id-1\">\n<thead>\n<tr class=\"row-1\">\n\t<th class=\"column-1\">US mesh<\/th><th class=\"column-2\">4<\/th><th class=\"column-3\">6<\/th><th class=\"column-4\">8<\/th><th class=\"column-5\">12<\/th><th class=\"column-6\">16<\/th><th class=\"column-7\">20<\/th><th class=\"column-8\">30<\/th><th class=\"column-9\">40<\/th><th class=\"column-10\">50<\/th><th class=\"column-11\">60<\/th><th class=\"column-12\">80<\/th>\n<\/tr>\n<\/thead>\n<tbody class=\"row-striping row-hover\">\n<tr class=\"row-2\">\n\t<td class=\"column-1\">mm<\/td><td class=\"column-2\">4.75<\/td><td class=\"column-3\">3.35<\/td><td class=\"column-4\">2.36<\/td><td class=\"column-5\">1.70<\/td><td class=\"column-6\">1.18<\/td><td class=\"column-7\">0.85<\/td><td class=\"column-8\">0.60<\/td><td class=\"column-9\">0.425<\/td><td class=\"column-10\">0.30<\/td><td class=\"column-11\">0.25<\/td><td class=\"column-12\">0.18<\/td>\n<\/tr>\n<\/tbody>\n<\/table>\n<!-- #tablepress-1 from cache --><\/p>\n<p style=\"text-align: left;\">Der Luftwiderstand im Filter \u00e4ndert sich je nach Partikelgr\u00f6ssenklasse, sofern das Kohlenstoffvolumen gleich bleibt. Daher ist der Luftwiderstand ein wichtiger Parameter bei der Auswahl der richtigen Partikelgr\u00f6ssenkategorie.<\/p>\n<p><span><\/span><\/p>\n<p style=\"text-align: left;\"><strong>Aktivkohle in verschiedenen Arten von Filtern<\/strong><\/p>\n<p style=\"text-align: left;\"><a href=\"http:\/\/pleisch.com\/wp-content\/uploads\/2017\/04\/Filter1-E.jpeg\"><img loading=\"lazy\" decoding=\"async\" class=\"alignnone wp-image-807 size-full\" src=\"http:\/\/pleisch.com\/wp-content\/uploads\/2017\/04\/Filter1-E.jpeg\" alt=\"\" width=\"399\" height=\"158\"><\/a><\/p>\n<p>[\/et_pb_text][\/et_pb_column][\/et_pb_row][\/et_pb_section][et_pb_section fb_built=&#8220;1&#8243; admin_label=&#8220;Impregnation&#8220; _builder_version=&#8220;4.16&#8243; background_enable_color=&#8220;off&#8220; custom_padding=&#8220;100px|0px|100px|0px&#8220; global_colors_info=&#8220;{}&#8220;][et_pb_row admin_label=&#8220;Reihe&#8220; _builder_version=&#8220;4.16&#8243; custom_padding=&#8220;0px||0px||false|false&#8220; global_colors_info=&#8220;{}&#8220;][et_pb_column type=&#8220;4_4&#8243; _builder_version=&#8220;4.16&#8243; custom_padding=&#8220;|||&#8220; global_colors_info=&#8220;{}&#8220; custom_padding__hover=&#8220;|||&#8220;][et_pb_text _builder_version=&#8220;4.24.2&#8243; text_font=&#8220;Ubuntu||||||||&#8220; text_font_size=&#8220;16px&#8220; text_line_height=&#8220;1.8em&#8220; header_font=&#8220;||||||||&#8220; header_2_font=&#8220;Montserrat|700|||||||&#8220; header_2_font_size=&#8220;40px&#8220; header_2_line_height=&#8220;1.4em&#8220; module_alignment=&#8220;center&#8220; custom_margin=&#8220;|||4px||&#8220; header_2_font_size_tablet=&#8220;&#8220; header_2_font_size_phone=&#8220;36px&#8220; header_2_font_size_last_edited=&#8220;on|phone&#8220; global_colors_info=&#8220;{}&#8220;]<\/p>\n<h2>Impr\u00e4gnierung<\/h2>\n<p><span class=\"text\">Normale Aktivkohle entfernt viele Geruchsstoffe aus der Luft, darunter organische L\u00f6sungsmittel oder Gifte.<\/span><\/p>\n<p><a href=\"http:\/\/pleisch.com\/wp-content\/uploads\/2017\/04\/Imp1-E.jpeg\"><img loading=\"lazy\" decoding=\"async\" class=\"alignnone size-full wp-image-818\" src=\"http:\/\/pleisch.com\/wp-content\/uploads\/2017\/04\/Imp1-E.jpeg\" alt=\"\" width=\"275\" height=\"249\"><\/a><\/p>\n<p><span class=\"text\">Einige g\u00e4ngige gasf\u00f6rmige Chemikalien wie Zyanide oder Ammoniak werden jedoch nur schlecht oder gar nicht adsorbiert. Die Aktivkohle muss impr\u00e4gniert werden, um diese Gifte zu beseitigen. Daher ist die grosse innere Oberfl\u00e4che mit Reaktanten f\u00fcr diese Gifte beschichtet = Chemisorption.<\/span><\/p>\n<p><a href=\"http:\/\/pleisch.com\/wp-content\/uploads\/2017\/04\/Imp2-E.jpeg\"><img loading=\"lazy\" decoding=\"async\" class=\"alignnone size-full wp-image-819\" src=\"http:\/\/pleisch.com\/wp-content\/uploads\/2017\/04\/Imp2-E.jpeg\" alt=\"\" width=\"282\" height=\"249\"><\/a><\/p>\n<p><span class=\"text\">Eine andere Gruppe von Chemikalien kann mit Katalysatoren (z. B. Phosphinen) entfernt werden. In diesem Fall wird die Aktivkohle mit diesen Katalysatoren beschichtet. Ein Katalysator f\u00f6rdert eine chemische Reaktion, ohne seine eigenen Eigenschaften zu ver\u00e4ndern. Seine einzige Aufgabe besteht darin, die Reaktion zu erleichtern.<\/span><\/p>\n<p><a href=\"http:\/\/pleisch.com\/wp-content\/uploads\/2017\/04\/Imp3-E.jpeg\"><img loading=\"lazy\" decoding=\"async\" class=\"alignnone size-full wp-image-820\" src=\"http:\/\/pleisch.com\/wp-content\/uploads\/2017\/04\/Imp3-E.jpeg\" alt=\"\" width=\"135\" height=\"269\"><\/a><\/p>\n<p>[\/et_pb_text][\/et_pb_column][\/et_pb_row][\/et_pb_section]<\/p>\n","protected":false},"excerpt":{"rendered":"<p>Aktivkohle Aktivkohle ist ein sehr vielseitiges Material zur Reinigung von Luft, Wasser sowie Gasen und Fl\u00fcssigkeiten im Allgemeinen. Wie der Name schon sagt, handelt es sich bei Aktivkohle um eine Art von Kohlenstoff, der industriell aktiviert wurde. Sie wird in Pulver- oder Granulatform in Massenproduktion hergestellt. Viele nat\u00fcrliche Kohlenstoffe k\u00f6nnen als Rohstoffe verwendet werden, z. [&hellip;]<\/p>\n","protected":false},"author":1,"featured_media":0,"parent":217281,"menu_order":0,"comment_status":"closed","ping_status":"closed","template":"","meta":{"_et_pb_use_builder":"on","_et_pb_old_content":"","_et_gb_content_width":"","footnotes":""},"class_list":["post-217287","page","type-page","status-publish","hentry"],"yoast_head":"<!-- This site is optimized with the Yoast SEO plugin v27.3 - https:\/\/yoast.com\/product\/yoast-seo-wordpress\/ -->\n<title>Aktivkohle - Dr. P. Pleisch AG<\/title>\n<meta name=\"description\" content=\"Aktivkohle ist ein sehr vielseitiges Material zur Reinigung von Luft, Wasser sowie Gasen und Fl\u00fcssigkeiten im Allgemeinen. Wie der Name schon sagt, handelt es sich bei Aktivkohle um eine Art von Kohlenstoff, der industriell aktiviert wurde. Es wird in Pulver- oder Granulatform in Massenproduktion hergestellt. Viele nat\u00fcrliche Kohlenstoffe k\u00f6nnen als Rohstoffe verwendet werden, z. B. Kokosnussschalen, Holz, Kohle und Torf.\" \/>\n<meta name=\"robots\" content=\"index, follow, max-snippet:-1, max-image-preview:large, max-video-preview:-1\" \/>\n<link rel=\"canonical\" href=\"https:\/\/pleisch.com\/de\/dienstleistungen\/aktivkohle\/\" \/>\n<meta property=\"og:locale\" content=\"de_DE\" \/>\n<meta property=\"og:type\" content=\"article\" \/>\n<meta property=\"og:title\" content=\"Aktivkohle - Dr. P. Pleisch AG\" \/>\n<meta property=\"og:description\" content=\"Aktivkohle ist ein sehr vielseitiges Material zur Reinigung von Luft, Wasser sowie Gasen und Fl\u00fcssigkeiten im Allgemeinen. Wie der Name schon sagt, handelt es sich bei Aktivkohle um eine Art von Kohlenstoff, der industriell aktiviert wurde. Es wird in Pulver- oder Granulatform in Massenproduktion hergestellt. Viele nat\u00fcrliche Kohlenstoffe k\u00f6nnen als Rohstoffe verwendet werden, z. B. Kokosnussschalen, Holz, Kohle und Torf.\" \/>\n<meta property=\"og:url\" content=\"https:\/\/pleisch.com\/de\/dienstleistungen\/aktivkohle\/\" \/>\n<meta property=\"og:site_name\" content=\"Dr. P. Pleisch AG\" \/>\n<meta property=\"article:modified_time\" content=\"2024-03-11T16:08:50+00:00\" \/>\n<meta property=\"og:image\" content=\"http:\/\/pleisch.com\/wp-content\/uploads\/2020\/04\/1-300x214.jpeg\" \/>\n<meta name=\"twitter:card\" content=\"summary_large_image\" \/>\n<meta name=\"twitter:label1\" content=\"Gesch\u00e4tzte Lesezeit\" \/>\n\t<meta name=\"twitter:data1\" content=\"4\u00a0Minuten\" \/>\n<script type=\"application\/ld+json\" class=\"yoast-schema-graph\">{\"@context\":\"https:\\\/\\\/schema.org\",\"@graph\":[{\"@type\":\"WebPage\",\"@id\":\"https:\\\/\\\/pleisch.com\\\/de\\\/dienstleistungen\\\/aktivkohle\\\/\",\"url\":\"https:\\\/\\\/pleisch.com\\\/de\\\/dienstleistungen\\\/aktivkohle\\\/\",\"name\":\"Aktivkohle - Dr. P. Pleisch AG\",\"isPartOf\":{\"@id\":\"https:\\\/\\\/pleisch.com\\\/de\\\/#website\"},\"primaryImageOfPage\":{\"@id\":\"https:\\\/\\\/pleisch.com\\\/de\\\/dienstleistungen\\\/aktivkohle\\\/#primaryimage\"},\"image\":{\"@id\":\"https:\\\/\\\/pleisch.com\\\/de\\\/dienstleistungen\\\/aktivkohle\\\/#primaryimage\"},\"thumbnailUrl\":\"http:\\\/\\\/pleisch.com\\\/wp-content\\\/uploads\\\/2020\\\/04\\\/1-300x214.jpeg\",\"datePublished\":\"2020-04-10T18:27:26+00:00\",\"dateModified\":\"2024-03-11T16:08:50+00:00\",\"description\":\"Aktivkohle ist ein sehr vielseitiges Material zur Reinigung von Luft, Wasser sowie Gasen und Fl\u00fcssigkeiten im Allgemeinen. Wie der Name schon sagt, handelt es sich bei Aktivkohle um eine Art von Kohlenstoff, der industriell aktiviert wurde. Es wird in Pulver- oder Granulatform in Massenproduktion hergestellt. Viele nat\u00fcrliche Kohlenstoffe k\u00f6nnen als Rohstoffe verwendet werden, z. B. Kokosnussschalen, Holz, Kohle und Torf.\",\"breadcrumb\":{\"@id\":\"https:\\\/\\\/pleisch.com\\\/de\\\/dienstleistungen\\\/aktivkohle\\\/#breadcrumb\"},\"inLanguage\":\"de\",\"potentialAction\":[{\"@type\":\"ReadAction\",\"target\":[\"https:\\\/\\\/pleisch.com\\\/de\\\/dienstleistungen\\\/aktivkohle\\\/\"]}]},{\"@type\":\"ImageObject\",\"inLanguage\":\"de\",\"@id\":\"https:\\\/\\\/pleisch.com\\\/de\\\/dienstleistungen\\\/aktivkohle\\\/#primaryimage\",\"url\":\"http:\\\/\\\/pleisch.com\\\/wp-content\\\/uploads\\\/2020\\\/04\\\/1-300x214.jpeg\",\"contentUrl\":\"http:\\\/\\\/pleisch.com\\\/wp-content\\\/uploads\\\/2020\\\/04\\\/1-300x214.jpeg\"},{\"@type\":\"BreadcrumbList\",\"@id\":\"https:\\\/\\\/pleisch.com\\\/de\\\/dienstleistungen\\\/aktivkohle\\\/#breadcrumb\",\"itemListElement\":[{\"@type\":\"ListItem\",\"position\":1,\"name\":\"Home\",\"item\":\"https:\\\/\\\/pleisch.com\\\/de\\\/home\\\/\"},{\"@type\":\"ListItem\",\"position\":2,\"name\":\"Dienstleistungen\",\"item\":\"https:\\\/\\\/pleisch.com\\\/de\\\/dienstleistungen\\\/\"},{\"@type\":\"ListItem\",\"position\":3,\"name\":\"Aktivkohle\"}]},{\"@type\":\"WebSite\",\"@id\":\"https:\\\/\\\/pleisch.com\\\/de\\\/#website\",\"url\":\"https:\\\/\\\/pleisch.com\\\/de\\\/\",\"name\":\"Dr. P. Pleisch AG\",\"description\":\"Activated Carbon Specialities\",\"potentialAction\":[{\"@type\":\"SearchAction\",\"target\":{\"@type\":\"EntryPoint\",\"urlTemplate\":\"https:\\\/\\\/pleisch.com\\\/de\\\/?s={search_term_string}\"},\"query-input\":{\"@type\":\"PropertyValueSpecification\",\"valueRequired\":true,\"valueName\":\"search_term_string\"}}],\"inLanguage\":\"de\"}]}<\/script>\n<!-- \/ Yoast SEO plugin. -->","yoast_head_json":{"title":"Aktivkohle - Dr. P. Pleisch AG","description":"Aktivkohle ist ein sehr vielseitiges Material zur Reinigung von Luft, Wasser sowie Gasen und Fl\u00fcssigkeiten im Allgemeinen. Wie der Name schon sagt, handelt es sich bei Aktivkohle um eine Art von Kohlenstoff, der industriell aktiviert wurde. Es wird in Pulver- oder Granulatform in Massenproduktion hergestellt. Viele nat\u00fcrliche Kohlenstoffe k\u00f6nnen als Rohstoffe verwendet werden, z. B. Kokosnussschalen, Holz, Kohle und Torf.","robots":{"index":"index","follow":"follow","max-snippet":"max-snippet:-1","max-image-preview":"max-image-preview:large","max-video-preview":"max-video-preview:-1"},"canonical":"https:\/\/pleisch.com\/de\/dienstleistungen\/aktivkohle\/","og_locale":"de_DE","og_type":"article","og_title":"Aktivkohle - Dr. P. Pleisch AG","og_description":"Aktivkohle ist ein sehr vielseitiges Material zur Reinigung von Luft, Wasser sowie Gasen und Fl\u00fcssigkeiten im Allgemeinen. Wie der Name schon sagt, handelt es sich bei Aktivkohle um eine Art von Kohlenstoff, der industriell aktiviert wurde. Es wird in Pulver- oder Granulatform in Massenproduktion hergestellt. Viele nat\u00fcrliche Kohlenstoffe k\u00f6nnen als Rohstoffe verwendet werden, z. B. Kokosnussschalen, Holz, Kohle und Torf.","og_url":"https:\/\/pleisch.com\/de\/dienstleistungen\/aktivkohle\/","og_site_name":"Dr. P. Pleisch AG","article_modified_time":"2024-03-11T16:08:50+00:00","og_image":[{"url":"http:\/\/pleisch.com\/wp-content\/uploads\/2020\/04\/1-300x214.jpeg","type":"","width":"","height":""}],"twitter_card":"summary_large_image","twitter_misc":{"Gesch\u00e4tzte Lesezeit":"4\u00a0Minuten"},"schema":{"@context":"https:\/\/schema.org","@graph":[{"@type":"WebPage","@id":"https:\/\/pleisch.com\/de\/dienstleistungen\/aktivkohle\/","url":"https:\/\/pleisch.com\/de\/dienstleistungen\/aktivkohle\/","name":"Aktivkohle - Dr. P. Pleisch AG","isPartOf":{"@id":"https:\/\/pleisch.com\/de\/#website"},"primaryImageOfPage":{"@id":"https:\/\/pleisch.com\/de\/dienstleistungen\/aktivkohle\/#primaryimage"},"image":{"@id":"https:\/\/pleisch.com\/de\/dienstleistungen\/aktivkohle\/#primaryimage"},"thumbnailUrl":"http:\/\/pleisch.com\/wp-content\/uploads\/2020\/04\/1-300x214.jpeg","datePublished":"2020-04-10T18:27:26+00:00","dateModified":"2024-03-11T16:08:50+00:00","description":"Aktivkohle ist ein sehr vielseitiges Material zur Reinigung von Luft, Wasser sowie Gasen und Fl\u00fcssigkeiten im Allgemeinen. Wie der Name schon sagt, handelt es sich bei Aktivkohle um eine Art von Kohlenstoff, der industriell aktiviert wurde. Es wird in Pulver- oder Granulatform in Massenproduktion hergestellt. Viele nat\u00fcrliche Kohlenstoffe k\u00f6nnen als Rohstoffe verwendet werden, z. B. Kokosnussschalen, Holz, Kohle und Torf.","breadcrumb":{"@id":"https:\/\/pleisch.com\/de\/dienstleistungen\/aktivkohle\/#breadcrumb"},"inLanguage":"de","potentialAction":[{"@type":"ReadAction","target":["https:\/\/pleisch.com\/de\/dienstleistungen\/aktivkohle\/"]}]},{"@type":"ImageObject","inLanguage":"de","@id":"https:\/\/pleisch.com\/de\/dienstleistungen\/aktivkohle\/#primaryimage","url":"http:\/\/pleisch.com\/wp-content\/uploads\/2020\/04\/1-300x214.jpeg","contentUrl":"http:\/\/pleisch.com\/wp-content\/uploads\/2020\/04\/1-300x214.jpeg"},{"@type":"BreadcrumbList","@id":"https:\/\/pleisch.com\/de\/dienstleistungen\/aktivkohle\/#breadcrumb","itemListElement":[{"@type":"ListItem","position":1,"name":"Home","item":"https:\/\/pleisch.com\/de\/home\/"},{"@type":"ListItem","position":2,"name":"Dienstleistungen","item":"https:\/\/pleisch.com\/de\/dienstleistungen\/"},{"@type":"ListItem","position":3,"name":"Aktivkohle"}]},{"@type":"WebSite","@id":"https:\/\/pleisch.com\/de\/#website","url":"https:\/\/pleisch.com\/de\/","name":"Dr. P. Pleisch AG","description":"Activated Carbon Specialities","potentialAction":[{"@type":"SearchAction","target":{"@type":"EntryPoint","urlTemplate":"https:\/\/pleisch.com\/de\/?s={search_term_string}"},"query-input":{"@type":"PropertyValueSpecification","valueRequired":true,"valueName":"search_term_string"}}],"inLanguage":"de"}]}},"_links":{"self":[{"href":"https:\/\/pleisch.com\/de\/wp-json\/wp\/v2\/pages\/217287","targetHints":{"allow":["GET"]}}],"collection":[{"href":"https:\/\/pleisch.com\/de\/wp-json\/wp\/v2\/pages"}],"about":[{"href":"https:\/\/pleisch.com\/de\/wp-json\/wp\/v2\/types\/page"}],"author":[{"embeddable":true,"href":"https:\/\/pleisch.com\/de\/wp-json\/wp\/v2\/users\/1"}],"replies":[{"embeddable":true,"href":"https:\/\/pleisch.com\/de\/wp-json\/wp\/v2\/comments?post=217287"}],"version-history":[{"count":20,"href":"https:\/\/pleisch.com\/de\/wp-json\/wp\/v2\/pages\/217287\/revisions"}],"predecessor-version":[{"id":218056,"href":"https:\/\/pleisch.com\/de\/wp-json\/wp\/v2\/pages\/217287\/revisions\/218056"}],"up":[{"embeddable":true,"href":"https:\/\/pleisch.com\/de\/wp-json\/wp\/v2\/pages\/217281"}],"wp:attachment":[{"href":"https:\/\/pleisch.com\/de\/wp-json\/wp\/v2\/media?parent=217287"}],"curies":[{"name":"wp","href":"https:\/\/api.w.org\/{rel}","templated":true}]}}